{"id":366,"date":"2018-07-02T12:41:03","date_gmt":"2018-07-02T11:41:03","guid":{"rendered":"http:\/\/www.yt-serveis.com\/?page_id=366"},"modified":"2018-07-02T12:43:23","modified_gmt":"2018-07-02T11:43:23","slug":"aviso-legal","status":"publish","type":"page","link":"https:\/\/www.yt-serveis.com\/en\/aviso-legal\/","title":{"rendered":"Legal warning"},"content":{"rendered":"<p>1. The website <a href=\"http:\/\/www.yt-serveis.com\/en\/\">http:\/\/www.yt-serveis.com\/<\/a> is owned by Yolanda Tom\u00e1s Gimbert, with registered office at C\/ Rocafort, 249, 3\u00ba-2\u00aa, 08029, Barcelona and with CIF number 38071286F (hereinafter, the Owner) and contact information:<\/p>\n<p>Phone: (+34) 93 163 58 68<\/p>\n<p>email: <a href=\"mailto:yt-serveis@yt-serveis.com\">yt-serveis@yt-serveis.com<\/a><\/p>\n<p>2. This legal notice is intended to regulate the use of the Owner's website. Access and use of this website grants you the status of user and implies that you accept this legal notice.<\/p>\n<p>3. YT Serveis Comercials is a commercial representation business. Among those represented are the restaurants and businesses that appear on the Owner's website.<\/p>\n<p>4. The Owner provides access to a multitude of content that belongs to the Owner or its licensors, to which the user may have access. The user assumes responsibility for the use of the portal. The user undertakes to make appropriate use of the content and services that the Owner offers on its website.<\/p>\n<p>5. The Owner is the owner or licensor of all intellectual and industrial property rights of its website and the contents thereof. The user agrees to respect the intellectual and industrial property rights of which the Owner is the owner or licensee.<\/p>\n<p>6. The Owner does not store and process personal data of users simply by browsing the website. If the user contacts one of the companies through the contact information provided on the owner's website, the responsibility for the user's personal data will be solely and exclusively that of the contacted company.<\/p>\n<p>7. The owner reserves the right to make changes to this legal notice without prior notice.<\/p>\n<p>8. The relationship between the owner and the user will be governed by current Spanish regulations. Disputes and claims arising from the legal notice will be resolved by the competent courts and tribunals.<\/p>","protected":false},"excerpt":{"rendered":"<p>1. La p\u00e1gina web http:\/\/www.yt-serveis.com\/ es titularidad de Yolanda Tom\u00e1s Gimbert, con domicilio social en C\/ Rocafort, 249, 3\u00ba-2\u00aa, 08029, Barcelona y con CIF n\u00famero 38071286F (en adelante, el Titular) y datos de contacto: Tel\u00e9fono: (+34) 93 163 58 68 Correo electr\u00f3nico: yt-serveis@yt-serveis.com 2. Este aviso legal tiene por finalidad regular el uso de la &hellip; <\/p>\n<p class=\"link-more\"><a href=\"https:\/\/www.yt-serveis.com\/en\/aviso-legal\/\" class=\"more-link\">Read more<span class=\"screen-reader-text\"> \u00abAviso legal\u00bb<\/span><\/a><\/p>","protected":false},"author":3,"featured_media":0,"parent":0,"menu_order":0,"comment_status":"closed","ping_status":"closed","template":"","meta":{"inspiro_hide_title":false,"footnotes":""},"class_list":["post-366","page","type-page","status-publish","hentry"],"yoast_head":"<!-- This site is optimized with the Yoast SEO plugin v27.4 - https:\/\/yoast.com\/product\/yoast-seo-wordpress\/ -->\n<title>Aviso legal - YT representaci\u00f3n comercial<\/title>\n<meta name=\"robots\" content=\"index, follow, max-snippet:-1, max-image-preview:large, max-video-preview:-1\" \/>\n<link rel=\"canonical\" href=\"https:\/\/www.yt-serveis.com\/en\/aviso-legal\/\" \/>\n<meta property=\"og:locale\" content=\"en_GB\" \/>\n<meta property=\"og:type\" content=\"article\" \/>\n<meta property=\"og:title\" content=\"Aviso legal - YT representaci\u00f3n comercial\" \/>\n<meta property=\"og:description\" content=\"1. La p\u00e1gina web http:\/\/www.yt-serveis.com\/ es titularidad de Yolanda Tom\u00e1s Gimbert, con domicilio social en C\/ Rocafort, 249, 3\u00ba-2\u00aa, 08029, Barcelona y con CIF n\u00famero 38071286F (en adelante, el Titular) y datos de contacto: Tel\u00e9fono: (+34) 93 163 58 68 Correo electr\u00f3nico: yt-serveis@yt-serveis.com 2. Este aviso legal tiene por finalidad regular el uso de la &hellip; Read more &quot;Aviso legal&quot;\" \/>\n<meta property=\"og:url\" content=\"https:\/\/www.yt-serveis.com\/en\/aviso-legal\/\" \/>\n<meta property=\"og:site_name\" content=\"YT representaci\u00f3n comercial\" \/>\n<meta property=\"article:modified_time\" content=\"2018-07-02T11:43:23+00:00\" \/>\n<meta name=\"twitter:card\" content=\"summary_large_image\" \/>\n<meta name=\"twitter:label1\" content=\"Estimated reading time\" \/>\n\t<meta name=\"twitter:data1\" content=\"2 minutes\" \/>\n<script type=\"application\/ld+json\" class=\"yoast-schema-graph\">{\"@context\":\"https:\\\/\\\/schema.org\",\"@graph\":[{\"@type\":\"WebPage\",\"@id\":\"https:\\\/\\\/www.yt-serveis.com\\\/aviso-legal\\\/\",\"url\":\"https:\\\/\\\/www.yt-serveis.com\\\/aviso-legal\\\/\",\"name\":\"Aviso legal - YT representaci\u00f3n comercial\",\"isPartOf\":{\"@id\":\"https:\\\/\\\/www.yt-serveis.com\\\/#website\"},\"datePublished\":\"2018-07-02T11:41:03+00:00\",\"dateModified\":\"2018-07-02T11:43:23+00:00\",\"breadcrumb\":{\"@id\":\"https:\\\/\\\/www.yt-serveis.com\\\/aviso-legal\\\/#breadcrumb\"},\"inLanguage\":\"en-GB\",\"potentialAction\":[{\"@type\":\"ReadAction\",\"target\":[\"https:\\\/\\\/www.yt-serveis.com\\\/aviso-legal\\\/\"]}]},{\"@type\":\"BreadcrumbList\",\"@id\":\"https:\\\/\\\/www.yt-serveis.com\\\/aviso-legal\\\/#breadcrumb\",\"itemListElement\":[{\"@type\":\"ListItem\",\"position\":1,\"name\":\"Portada\",\"item\":\"https:\\\/\\\/www.yt-serveis.com\\\/\"},{\"@type\":\"ListItem\",\"position\":2,\"name\":\"Aviso legal\"}]},{\"@type\":\"WebSite\",\"@id\":\"https:\\\/\\\/www.yt-serveis.com\\\/#website\",\"url\":\"https:\\\/\\\/www.yt-serveis.com\\\/\",\"name\":\"YT representaci\u00f3n comercial\",\"description\":\"YT Serveis Comercials representa a diferentes entidades del sector tur\u00edstico para hacer llegar al p\u00fablico sus ofertas de servicios\",\"publisher\":{\"@id\":\"https:\\\/\\\/www.yt-serveis.com\\\/#organization\"},\"potentialAction\":[{\"@type\":\"SearchAction\",\"target\":{\"@type\":\"EntryPoint\",\"urlTemplate\":\"https:\\\/\\\/www.yt-serveis.com\\\/?s={search_term_string}\"},\"query-input\":{\"@type\":\"PropertyValueSpecification\",\"valueRequired\":true,\"valueName\":\"search_term_string\"}}],\"inLanguage\":\"en-GB\"},{\"@type\":\"Organization\",\"@id\":\"https:\\\/\\\/www.yt-serveis.com\\\/#organization\",\"name\":\"YT representaci\u00f3n comercial\",\"url\":\"https:\\\/\\\/www.yt-serveis.com\\\/\",\"logo\":{\"@type\":\"ImageObject\",\"inLanguage\":\"en-GB\",\"@id\":\"https:\\\/\\\/www.yt-serveis.com\\\/#\\\/schema\\\/logo\\\/image\\\/\",\"url\":\"https:\\\/\\\/www.yt-serveis.com\\\/wp-content\\\/uploads\\\/cropped-logo-yt.png\",\"contentUrl\":\"https:\\\/\\\/www.yt-serveis.com\\\/wp-content\\\/uploads\\\/cropped-logo-yt.png\",\"width\":400,\"height\":175,\"caption\":\"YT representaci\u00f3n comercial\"},\"image\":{\"@id\":\"https:\\\/\\\/www.yt-serveis.com\\\/#\\\/schema\\\/logo\\\/image\\\/\"},\"sameAs\":[\"https:\\\/\\\/www.instagram.com\\\/ytserveis\\\/\"]}]}<\/script>\n<!-- \/ Yoast SEO plugin. -->","yoast_head_json":{"title":"Aviso legal - YT representaci\u00f3n comercial","robots":{"index":"index","follow":"follow","max-snippet":"max-snippet:-1","max-image-preview":"max-image-preview:large","max-video-preview":"max-video-preview:-1"},"canonical":"https:\/\/www.yt-serveis.com\/en\/aviso-legal\/","og_locale":"en_GB","og_type":"article","og_title":"Aviso legal - YT representaci\u00f3n comercial","og_description":"1. La p\u00e1gina web http:\/\/www.yt-serveis.com\/ es titularidad de Yolanda Tom\u00e1s Gimbert, con domicilio social en C\/ Rocafort, 249, 3\u00ba-2\u00aa, 08029, Barcelona y con CIF n\u00famero 38071286F (en adelante, el Titular) y datos de contacto: Tel\u00e9fono: (+34) 93 163 58 68 Correo electr\u00f3nico: yt-serveis@yt-serveis.com 2. Este aviso legal tiene por finalidad regular el uso de la &hellip; Read more \"Aviso legal\"","og_url":"https:\/\/www.yt-serveis.com\/en\/aviso-legal\/","og_site_name":"YT representaci\u00f3n comercial","article_modified_time":"2018-07-02T11:43:23+00:00","twitter_card":"summary_large_image","twitter_misc":{"Estimated reading time":"2 minutes"},"schema":{"@context":"https:\/\/schema.org","@graph":[{"@type":"WebPage","@id":"https:\/\/www.yt-serveis.com\/aviso-legal\/","url":"https:\/\/www.yt-serveis.com\/aviso-legal\/","name":"Aviso legal - YT representaci\u00f3n comercial","isPartOf":{"@id":"https:\/\/www.yt-serveis.com\/#website"},"datePublished":"2018-07-02T11:41:03+00:00","dateModified":"2018-07-02T11:43:23+00:00","breadcrumb":{"@id":"https:\/\/www.yt-serveis.com\/aviso-legal\/#breadcrumb"},"inLanguage":"en-GB","potentialAction":[{"@type":"ReadAction","target":["https:\/\/www.yt-serveis.com\/aviso-legal\/"]}]},{"@type":"BreadcrumbList","@id":"https:\/\/www.yt-serveis.com\/aviso-legal\/#breadcrumb","itemListElement":[{"@type":"ListItem","position":1,"name":"Portada","item":"https:\/\/www.yt-serveis.com\/"},{"@type":"ListItem","position":2,"name":"Aviso legal"}]},{"@type":"WebSite","@id":"https:\/\/www.yt-serveis.com\/#website","url":"https:\/\/www.yt-serveis.com\/","name":"YT representaci\u00f3n comercial","description":"YT Serveis Comercials represents different companies in the tourism sector to make their service offers reach the public.","publisher":{"@id":"https:\/\/www.yt-serveis.com\/#organization"},"potentialAction":[{"@type":"SearchAction","target":{"@type":"EntryPoint","urlTemplate":"https:\/\/www.yt-serveis.com\/?s={search_term_string}"},"query-input":{"@type":"PropertyValueSpecification","valueRequired":true,"valueName":"search_term_string"}}],"inLanguage":"en-GB"},{"@type":"Organization","@id":"https:\/\/www.yt-serveis.com\/#organization","name":"YT representaci\u00f3n comercial","url":"https:\/\/www.yt-serveis.com\/","logo":{"@type":"ImageObject","inLanguage":"en-GB","@id":"https:\/\/www.yt-serveis.com\/#\/schema\/logo\/image\/","url":"https:\/\/www.yt-serveis.com\/wp-content\/uploads\/cropped-logo-yt.png","contentUrl":"https:\/\/www.yt-serveis.com\/wp-content\/uploads\/cropped-logo-yt.png","width":400,"height":175,"caption":"YT representaci\u00f3n comercial"},"image":{"@id":"https:\/\/www.yt-serveis.com\/#\/schema\/logo\/image\/"},"sameAs":["https:\/\/www.instagram.com\/ytserveis\/"]}]}},"jetpack_sharing_enabled":true,"_links":{"self":[{"href":"https:\/\/www.yt-serveis.com\/en\/wp-json\/wp\/v2\/pages\/366","targetHints":{"allow":["GET"]}}],"collection":[{"href":"https:\/\/www.yt-serveis.com\/en\/wp-json\/wp\/v2\/pages"}],"about":[{"href":"https:\/\/www.yt-serveis.com\/en\/wp-json\/wp\/v2\/types\/page"}],"author":[{"embeddable":true,"href":"https:\/\/www.yt-serveis.com\/en\/wp-json\/wp\/v2\/users\/3"}],"replies":[{"embeddable":true,"href":"https:\/\/www.yt-serveis.com\/en\/wp-json\/wp\/v2\/comments?post=366"}],"version-history":[{"count":2,"href":"https:\/\/www.yt-serveis.com\/en\/wp-json\/wp\/v2\/pages\/366\/revisions"}],"predecessor-version":[{"id":369,"href":"https:\/\/www.yt-serveis.com\/en\/wp-json\/wp\/v2\/pages\/366\/revisions\/369"}],"wp:attachment":[{"href":"https:\/\/www.yt-serveis.com\/en\/wp-json\/wp\/v2\/media?parent=366"}],"curies":[{"name":"wp","href":"https:\/\/api.w.org\/{rel}","templated":true}]}}