{"id":13,"date":"2018-05-23T18:49:56","date_gmt":"2018-05-23T17:49:56","guid":{"rendered":"http:\/\/www.yt-serveis.com\/?page_id=13"},"modified":"2024-01-09T14:23:30","modified_gmt":"2024-01-09T13:23:30","slug":"sobre-yt","status":"publish","type":"page","link":"https:\/\/www.yt-serveis.com\/en\/sobre-yt\/","title":{"rendered":"About YT"},"content":{"rendered":"<figure class=\"wp-block-image aligncenter size-large is-style-rounded\"><img fetchpriority=\"high\" decoding=\"async\" width=\"1024\" height=\"683\" src=\"https:\/\/www.yt-serveis.com\/wp-content\/uploads\/IMG_8276-1024x683.jpg\" alt=\"\" class=\"wp-image-590\" srcset=\"https:\/\/www.yt-serveis.com\/wp-content\/uploads\/IMG_8276-1024x683.jpg 1024w, https:\/\/www.yt-serveis.com\/wp-content\/uploads\/IMG_8276-300x200.jpg 300w, https:\/\/www.yt-serveis.com\/wp-content\/uploads\/IMG_8276-2000x1333.jpg 2000w, https:\/\/www.yt-serveis.com\/wp-content\/uploads\/IMG_8276-scaled-18x12.jpg 18w\" sizes=\"(max-width: 1024px) 100vw, 1024px\" \/><\/figure>\n\n\n<hr \/>\n<p>YT Serveis Comercials proposes the comprehensive management of commercial services to companies related to the tourism sector.<\/p>\n<p>The professional experience accumulated through more than 30 years in this sector allows us to search for the objective target of each client and send your offer to all those business sectors that may interest you.<\/p>\n<p>We study your product in detail, creating the formula that allows you to reach the level of sales that your establishment requires.<\/p>\n<p>Tel. 610 28 43 94<\/p>\n<p><a href=\"mailto:yt-serveis@yt-serveis.com\">yt-serveis@yt-serveis.com<\/a><\/p>\n<p>Barcelona<\/p>\n<hr \/>","protected":false},"excerpt":{"rendered":"<p>YT Serveis Comercials propone la gesti\u00f3n integral de servicios comerciales a empresas relacionadas con el sector tur\u00edstico. La experiencia profesional acumulada a trav\u00e9s de m\u00e1s de 30 a\u00f1os en este sector, nos permite buscar el target objetivo de cada cliente y hacer llegar su oferta a todos aquellos sectores empresariales que a usted pudieran interesarle. &hellip; <\/p>\n<p class=\"link-more\"><a href=\"https:\/\/www.yt-serveis.com\/en\/sobre-yt\/\" class=\"more-link\">Read more<span class=\"screen-reader-text\"> \u00abSobre YT\u00bb<\/span><\/a><\/p>","protected":false},"author":2,"featured_media":0,"parent":0,"menu_order":0,"comment_status":"closed","ping_status":"closed","template":"","meta":{"inspiro_hide_title":false,"footnotes":""},"class_list":["post-13","page","type-page","status-publish","hentry"],"yoast_head":"<!-- This site is optimized with the Yoast SEO plugin v27.5 - https:\/\/yoast.com\/product\/yoast-seo-wordpress\/ -->\n<title>Sobre YT - YT representaci\u00f3n comercial<\/title>\n<meta name=\"robots\" content=\"index, follow, max-snippet:-1, max-image-preview:large, max-video-preview:-1\" \/>\n<link rel=\"canonical\" href=\"https:\/\/www.yt-serveis.com\/en\/sobre-yt\/\" \/>\n<meta property=\"og:locale\" content=\"en_GB\" \/>\n<meta property=\"og:type\" content=\"article\" \/>\n<meta property=\"og:title\" content=\"Sobre YT - YT representaci\u00f3n comercial\" \/>\n<meta property=\"og:description\" content=\"YT Serveis Comercials propone la gesti\u00f3n integral de servicios comerciales a empresas relacionadas con el sector tur\u00edstico. La experiencia profesional acumulada a trav\u00e9s de m\u00e1s de 30 a\u00f1os en este sector, nos permite buscar el target objetivo de cada cliente y hacer llegar su oferta a todos aquellos sectores empresariales que a usted pudieran interesarle. &hellip; Read more &quot;Sobre YT&quot;\" \/>\n<meta property=\"og:url\" content=\"https:\/\/www.yt-serveis.com\/en\/sobre-yt\/\" \/>\n<meta property=\"og:site_name\" content=\"YT representaci\u00f3n comercial\" \/>\n<meta property=\"article:modified_time\" content=\"2024-01-09T13:23:30+00:00\" \/>\n<meta property=\"og:image\" content=\"https:\/\/www.yt-serveis.com\/wp-content\/uploads\/IMG_8276-1024x683.jpg\" \/>\n<meta name=\"twitter:card\" content=\"summary_large_image\" \/>\n<meta name=\"twitter:label1\" content=\"Estimated reading time\" \/>\n\t<meta name=\"twitter:data1\" content=\"1 minute\" \/>\n<script type=\"application\/ld+json\" class=\"yoast-schema-graph\">{\"@context\":\"https:\\\/\\\/schema.org\",\"@graph\":[{\"@type\":\"WebPage\",\"@id\":\"https:\\\/\\\/www.yt-serveis.com\\\/sobre-yt\\\/\",\"url\":\"https:\\\/\\\/www.yt-serveis.com\\\/sobre-yt\\\/\",\"name\":\"Sobre YT - YT representaci\u00f3n comercial\",\"isPartOf\":{\"@id\":\"https:\\\/\\\/www.yt-serveis.com\\\/#website\"},\"primaryImageOfPage\":{\"@id\":\"https:\\\/\\\/www.yt-serveis.com\\\/sobre-yt\\\/#primaryimage\"},\"image\":{\"@id\":\"https:\\\/\\\/www.yt-serveis.com\\\/sobre-yt\\\/#primaryimage\"},\"thumbnailUrl\":\"https:\\\/\\\/www.yt-serveis.com\\\/wp-content\\\/uploads\\\/IMG_8276-1024x683.jpg\",\"datePublished\":\"2018-05-23T17:49:56+00:00\",\"dateModified\":\"2024-01-09T13:23:30+00:00\",\"breadcrumb\":{\"@id\":\"https:\\\/\\\/www.yt-serveis.com\\\/sobre-yt\\\/#breadcrumb\"},\"inLanguage\":\"en-GB\",\"potentialAction\":[{\"@type\":\"ReadAction\",\"target\":[\"https:\\\/\\\/www.yt-serveis.com\\\/sobre-yt\\\/\"]}]},{\"@type\":\"ImageObject\",\"inLanguage\":\"en-GB\",\"@id\":\"https:\\\/\\\/www.yt-serveis.com\\\/sobre-yt\\\/#primaryimage\",\"url\":\"https:\\\/\\\/www.yt-serveis.com\\\/wp-content\\\/uploads\\\/IMG_8276-1024x683.jpg\",\"contentUrl\":\"https:\\\/\\\/www.yt-serveis.com\\\/wp-content\\\/uploads\\\/IMG_8276-1024x683.jpg\"},{\"@type\":\"BreadcrumbList\",\"@id\":\"https:\\\/\\\/www.yt-serveis.com\\\/sobre-yt\\\/#breadcrumb\",\"itemListElement\":[{\"@type\":\"ListItem\",\"position\":1,\"name\":\"Portada\",\"item\":\"https:\\\/\\\/www.yt-serveis.com\\\/\"},{\"@type\":\"ListItem\",\"position\":2,\"name\":\"Sobre YT\"}]},{\"@type\":\"WebSite\",\"@id\":\"https:\\\/\\\/www.yt-serveis.com\\\/#website\",\"url\":\"https:\\\/\\\/www.yt-serveis.com\\\/\",\"name\":\"YT representaci\u00f3n comercial\",\"description\":\"YT Serveis Comercials representa a diferentes entidades del sector tur\u00edstico para hacer llegar al p\u00fablico sus ofertas de servicios\",\"publisher\":{\"@id\":\"https:\\\/\\\/www.yt-serveis.com\\\/#organization\"},\"potentialAction\":[{\"@type\":\"SearchAction\",\"target\":{\"@type\":\"EntryPoint\",\"urlTemplate\":\"https:\\\/\\\/www.yt-serveis.com\\\/?s={search_term_string}\"},\"query-input\":{\"@type\":\"PropertyValueSpecification\",\"valueRequired\":true,\"valueName\":\"search_term_string\"}}],\"inLanguage\":\"en-GB\"},{\"@type\":\"Organization\",\"@id\":\"https:\\\/\\\/www.yt-serveis.com\\\/#organization\",\"name\":\"YT representaci\u00f3n comercial\",\"url\":\"https:\\\/\\\/www.yt-serveis.com\\\/\",\"logo\":{\"@type\":\"ImageObject\",\"inLanguage\":\"en-GB\",\"@id\":\"https:\\\/\\\/www.yt-serveis.com\\\/#\\\/schema\\\/logo\\\/image\\\/\",\"url\":\"https:\\\/\\\/www.yt-serveis.com\\\/wp-content\\\/uploads\\\/cropped-logo-yt.png\",\"contentUrl\":\"https:\\\/\\\/www.yt-serveis.com\\\/wp-content\\\/uploads\\\/cropped-logo-yt.png\",\"width\":400,\"height\":175,\"caption\":\"YT representaci\u00f3n comercial\"},\"image\":{\"@id\":\"https:\\\/\\\/www.yt-serveis.com\\\/#\\\/schema\\\/logo\\\/image\\\/\"},\"sameAs\":[\"https:\\\/\\\/www.instagram.com\\\/ytserveis\\\/\"]}]}<\/script>\n<!-- \/ Yoast SEO plugin. -->","yoast_head_json":{"title":"Sobre YT - YT representaci\u00f3n comercial","robots":{"index":"index","follow":"follow","max-snippet":"max-snippet:-1","max-image-preview":"max-image-preview:large","max-video-preview":"max-video-preview:-1"},"canonical":"https:\/\/www.yt-serveis.com\/en\/sobre-yt\/","og_locale":"en_GB","og_type":"article","og_title":"Sobre YT - YT representaci\u00f3n comercial","og_description":"YT Serveis Comercials propone la gesti\u00f3n integral de servicios comerciales a empresas relacionadas con el sector tur\u00edstico. La experiencia profesional acumulada a trav\u00e9s de m\u00e1s de 30 a\u00f1os en este sector, nos permite buscar el target objetivo de cada cliente y hacer llegar su oferta a todos aquellos sectores empresariales que a usted pudieran interesarle. &hellip; Read more \"Sobre YT\"","og_url":"https:\/\/www.yt-serveis.com\/en\/sobre-yt\/","og_site_name":"YT representaci\u00f3n comercial","article_modified_time":"2024-01-09T13:23:30+00:00","og_image":[{"url":"https:\/\/www.yt-serveis.com\/wp-content\/uploads\/IMG_8276-1024x683.jpg","type":"","width":"","height":""}],"twitter_card":"summary_large_image","twitter_misc":{"Estimated reading time":"1 minute"},"schema":{"@context":"https:\/\/schema.org","@graph":[{"@type":"WebPage","@id":"https:\/\/www.yt-serveis.com\/sobre-yt\/","url":"https:\/\/www.yt-serveis.com\/sobre-yt\/","name":"Sobre YT - YT representaci\u00f3n comercial","isPartOf":{"@id":"https:\/\/www.yt-serveis.com\/#website"},"primaryImageOfPage":{"@id":"https:\/\/www.yt-serveis.com\/sobre-yt\/#primaryimage"},"image":{"@id":"https:\/\/www.yt-serveis.com\/sobre-yt\/#primaryimage"},"thumbnailUrl":"https:\/\/www.yt-serveis.com\/wp-content\/uploads\/IMG_8276-1024x683.jpg","datePublished":"2018-05-23T17:49:56+00:00","dateModified":"2024-01-09T13:23:30+00:00","breadcrumb":{"@id":"https:\/\/www.yt-serveis.com\/sobre-yt\/#breadcrumb"},"inLanguage":"en-GB","potentialAction":[{"@type":"ReadAction","target":["https:\/\/www.yt-serveis.com\/sobre-yt\/"]}]},{"@type":"ImageObject","inLanguage":"en-GB","@id":"https:\/\/www.yt-serveis.com\/sobre-yt\/#primaryimage","url":"https:\/\/www.yt-serveis.com\/wp-content\/uploads\/IMG_8276-1024x683.jpg","contentUrl":"https:\/\/www.yt-serveis.com\/wp-content\/uploads\/IMG_8276-1024x683.jpg"},{"@type":"BreadcrumbList","@id":"https:\/\/www.yt-serveis.com\/sobre-yt\/#breadcrumb","itemListElement":[{"@type":"ListItem","position":1,"name":"Portada","item":"https:\/\/www.yt-serveis.com\/"},{"@type":"ListItem","position":2,"name":"Sobre YT"}]},{"@type":"WebSite","@id":"https:\/\/www.yt-serveis.com\/#website","url":"https:\/\/www.yt-serveis.com\/","name":"YT representaci\u00f3n comercial","description":"YT Serveis Comercials represents different companies in the tourism sector to make their service offers reach the public.","publisher":{"@id":"https:\/\/www.yt-serveis.com\/#organization"},"potentialAction":[{"@type":"SearchAction","target":{"@type":"EntryPoint","urlTemplate":"https:\/\/www.yt-serveis.com\/?s={search_term_string}"},"query-input":{"@type":"PropertyValueSpecification","valueRequired":true,"valueName":"search_term_string"}}],"inLanguage":"en-GB"},{"@type":"Organization","@id":"https:\/\/www.yt-serveis.com\/#organization","name":"YT representaci\u00f3n comercial","url":"https:\/\/www.yt-serveis.com\/","logo":{"@type":"ImageObject","inLanguage":"en-GB","@id":"https:\/\/www.yt-serveis.com\/#\/schema\/logo\/image\/","url":"https:\/\/www.yt-serveis.com\/wp-content\/uploads\/cropped-logo-yt.png","contentUrl":"https:\/\/www.yt-serveis.com\/wp-content\/uploads\/cropped-logo-yt.png","width":400,"height":175,"caption":"YT representaci\u00f3n comercial"},"image":{"@id":"https:\/\/www.yt-serveis.com\/#\/schema\/logo\/image\/"},"sameAs":["https:\/\/www.instagram.com\/ytserveis\/"]}]}},"jetpack_sharing_enabled":true,"_links":{"self":[{"href":"https:\/\/www.yt-serveis.com\/en\/wp-json\/wp\/v2\/pages\/13","targetHints":{"allow":["GET"]}}],"collection":[{"href":"https:\/\/www.yt-serveis.com\/en\/wp-json\/wp\/v2\/pages"}],"about":[{"href":"https:\/\/www.yt-serveis.com\/en\/wp-json\/wp\/v2\/types\/page"}],"author":[{"embeddable":true,"href":"https:\/\/www.yt-serveis.com\/en\/wp-json\/wp\/v2\/users\/2"}],"replies":[{"embeddable":true,"href":"https:\/\/www.yt-serveis.com\/en\/wp-json\/wp\/v2\/comments?post=13"}],"version-history":[{"count":7,"href":"https:\/\/www.yt-serveis.com\/en\/wp-json\/wp\/v2\/pages\/13\/revisions"}],"predecessor-version":[{"id":799,"href":"https:\/\/www.yt-serveis.com\/en\/wp-json\/wp\/v2\/pages\/13\/revisions\/799"}],"wp:attachment":[{"href":"https:\/\/www.yt-serveis.com\/en\/wp-json\/wp\/v2\/media?parent=13"}],"curies":[{"name":"wp","href":"https:\/\/api.w.org\/{rel}","templated":true}]}}